{"id":13,"date":"2026-03-22T10:47:51","date_gmt":"2026-03-22T10:47:51","guid":{"rendered":"https:\/\/kadaesportes.com.br\/?page_id=13"},"modified":"2026-03-22T19:38:32","modified_gmt":"2026-03-22T19:38:32","slug":"inicio","status":"publish","type":"page","link":"https:\/\/kadaesportes.com.br\/","title":{"rendered":"In\u00edcio"},"content":{"rendered":"<p>[et_pb_section fb_built=&#8221;1&#8243; fullwidth=&#8221;on&#8221; _builder_version=&#8221;4.27.6&#8243; _module_preset=&#8221;default&#8221; hover_enabled=&#8221;0&#8243; global_colors_info=&#8221;{}&#8221; box_shadow_style=&#8221;preset3&#8243; box_shadow_color=&#8221;#000000&#8243; sticky_enabled=&#8221;0&#8243;][et_pb_fullwidth_image src=&#8221;https:\/\/kadaesportes.com.br\/wp-content\/uploads\/2026\/03\/Kada-BannerNovo-1110&#215;180-1.png&#8221; title_text=&#8221;Kada-BannerNovo-1110&#215;180&#8243; _builder_version=&#8221;4.27.4&#8243; _module_preset=&#8221;default&#8221; global_colors_info=&#8221;{}&#8221;][\/et_pb_fullwidth_image][\/et_pb_section][et_pb_section fb_built=&#8221;1&#8243; fullwidth=&#8221;on&#8221; _builder_version=&#8221;4.27.6&#8243; _module_preset=&#8221;default&#8221; hover_enabled=&#8221;0&#8243; global_colors_info=&#8221;{}&#8221; custom_margin=&#8221;||||false|false&#8221; sticky_enabled=&#8221;0&#8243; box_shadow_style=&#8221;preset3&#8243; box_shadow_color=&#8221;#000000&#8243;][et_pb_fullwidth_image src=&#8221;https:\/\/kadaesportes.com.br\/wp-content\/uploads\/2026\/03\/Kada-Cooperrvap.png&#8221; title_text=&#8221;Kada-Cooperrvap&#8221; _builder_version=&#8221;4.27.4&#8243; _module_preset=&#8221;default&#8221; global_colors_info=&#8221;{}&#8221; custom_padding=&#8221;0px|||||&#8221;][\/et_pb_fullwidth_image][\/et_pb_section][et_pb_section fb_built=&#8221;1&#8243; _builder_version=&#8221;4.27.4&#8243; _module_preset=&#8221;default&#8221; background_color=&#8221;#8A8A8A&#8221; custom_margin=&#8221;-22px|||||&#8221; global_colors_info=&#8221;{}&#8221;][et_pb_row column_structure=&#8221;1_5,1_5,1_5,1_5,1_5&#8243; use_custom_gutter=&#8221;on&#8221; gutter_width=&#8221;2&#8243; _builder_version=&#8221;4.27.4&#8243; _module_preset=&#8221;default&#8221; max_width=&#8221;1349px&#8221; global_colors_info=&#8221;{}&#8221;][et_pb_column type=&#8221;1_5&#8243; _builder_version=&#8221;4.27.4&#8243; _module_preset=&#8221;default&#8221; background_color=&#8221;#7CDA24&#8243; custom_padding=&#8221;0px|6px|0px|6px|true|true&#8221; border_radii=&#8221;on|12px|12px|12px|12px&#8221; box_shadow_style=&#8221;preset2&#8243; box_shadow_color=&#8221;#000000&#8243; global_colors_info=&#8221;{}&#8221;][et_pb_text _builder_version=&#8221;4.27.4&#8243; _module_preset=&#8221;default&#8221; text_font=&#8221;|||on|||||&#8221; text_text_color=&#8221;#000000&#8243; text_font_size=&#8221;13px&#8221; background_color=&#8221;#7CDA24&#8243; text_orientation=&#8221;center&#8221; custom_padding=&#8221;12px|6px|12px|6px|true|true&#8221; link_option_url=&#8221;https:\/\/ge.globo.com\/futebol\/brasileirao-serie-a\/&#8221; link_option_url_new_window=&#8221;on&#8221; border_radii=&#8221;on|12px|12px|12px|12px&#8221; box_shadow_style=&#8221;preset2&#8243; box_shadow_color=&#8221;#000000&#8243; global_colors_info=&#8221;{}&#8221;]<\/p>\n<p>Brasileiro S\u00e9rie A<\/p>\n<p>[\/et_pb_text][\/et_pb_column][et_pb_column type=&#8221;1_5&#8243; _builder_version=&#8221;4.27.4&#8243; _module_preset=&#8221;default&#8221; global_colors_info=&#8221;{}&#8221;][et_pb_text _builder_version=&#8221;4.27.4&#8243; _module_preset=&#8221;default&#8221; text_font=&#8221;|||on|||||&#8221; text_text_color=&#8221;#000000&#8243; text_font_size=&#8221;13px&#8221; background_color=&#8221;#7CDA24&#8243; text_orientation=&#8221;center&#8221; custom_padding=&#8221;12px|6px|12px|6px|true|true&#8221; link_option_url=&#8221;https:\/\/ge.globo.com\/futebol\/brasileirao-serie-b\/&#8221; link_option_url_new_window=&#8221;on&#8221; border_radii=&#8221;on|12px|12px|12px|12px&#8221; box_shadow_style=&#8221;preset2&#8243; box_shadow_color=&#8221;#000000&#8243; global_colors_info=&#8221;{}&#8221;]<\/p>\n<p>Brasileiro S\u00e9rie B<\/p>\n<p>[\/et_pb_text][\/et_pb_column][et_pb_column type=&#8221;1_5&#8243; _builder_version=&#8221;4.27.4&#8243; _module_preset=&#8221;default&#8221; global_colors_info=&#8221;{}&#8221;][et_pb_text _builder_version=&#8221;4.27.4&#8243; _module_preset=&#8221;default&#8221; text_font=&#8221;|||on|||||&#8221; text_text_color=&#8221;#000000&#8243; text_font_size=&#8221;13px&#8221; background_color=&#8221;#7CDA24&#8243; text_orientation=&#8221;center&#8221; custom_padding=&#8221;12px|6px|12px|6px|true|true&#8221; link_option_url=&#8221;https:\/\/ge.globo.com\/futebol\/libertadores\/&#8221; link_option_url_new_window=&#8221;on&#8221; border_radii=&#8221;on|12px|12px|12px|12px&#8221; box_shadow_style=&#8221;preset2&#8243; box_shadow_color=&#8221;#000000&#8243; global_colors_info=&#8221;{}&#8221;]<\/p>\n<p>LIBERTADORES<\/p>\n<p>[\/et_pb_text][\/et_pb_column][et_pb_column type=&#8221;1_5&#8243; _builder_version=&#8221;4.27.4&#8243; _module_preset=&#8221;default&#8221; global_colors_info=&#8221;{}&#8221;][et_pb_text _builder_version=&#8221;4.27.4&#8243; _module_preset=&#8221;default&#8221; text_font=&#8221;|||on|||||&#8221; text_text_color=&#8221;#000000&#8243; text_font_size=&#8221;13px&#8221; background_color=&#8221;#7CDA24&#8243; text_orientation=&#8221;center&#8221; custom_padding=&#8221;12px|6px|12px|6px|true|true&#8221; link_option_url=&#8221;https:\/\/ge.globo.com\/futebol\/copa-sul-americana\/&#8221; link_option_url_new_window=&#8221;on&#8221; border_radii=&#8221;on|12px|12px|12px|12px&#8221; box_shadow_style=&#8221;preset2&#8243; box_shadow_color=&#8221;#000000&#8243; global_colors_info=&#8221;{}&#8221;]<\/p>\n<p>SULAMERICANA<\/p>\n<p>[\/et_pb_text][\/et_pb_column][et_pb_column type=&#8221;1_5&#8243; _builder_version=&#8221;4.27.4&#8243; _module_preset=&#8221;default&#8221; global_colors_info=&#8221;{}&#8221;][et_pb_text _builder_version=&#8221;4.27.4&#8243; _module_preset=&#8221;default&#8221; text_font=&#8221;|||on|||||&#8221; text_text_color=&#8221;#000000&#8243; text_font_size=&#8221;13px&#8221; background_color=&#8221;#7CDA24&#8243; text_orientation=&#8221;center&#8221; custom_padding=&#8221;12px|6px|12px|6px|true|true&#8221; link_option_url=&#8221;https:\/\/ge.globo.com\/futebol\/copa-do-brasil\/&#8221; link_option_url_new_window=&#8221;on&#8221; border_radii=&#8221;on|12px|12px|12px|12px&#8221; box_shadow_style=&#8221;preset2&#8243; box_shadow_color=&#8221;#000000&#8243; global_colors_info=&#8221;{}&#8221;]<\/p>\n<p>COPA DO BRASIL<\/p>\n<p>[\/et_pb_text][\/et_pb_column][\/et_pb_row][\/et_pb_section][et_pb_section fb_built=&#8221;1&#8243; _builder_version=&#8221;4.27.4&#8243; _module_preset=&#8221;default&#8221; background_color=&#8221;#7CDA24&#8243; global_colors_info=&#8221;{}&#8221;][et_pb_row column_structure=&#8221;1_3,1_3,1_3&#8243; _builder_version=&#8221;4.27.4&#8243; _module_preset=&#8221;default&#8221; global_colors_info=&#8221;{}&#8221;][et_pb_column type=&#8221;1_3&#8243; _builder_version=&#8221;4.27.4&#8243; _module_preset=&#8221;default&#8221; background_color=&#8221;#FFFFFF&#8221; custom_padding=&#8221;7px|7px||7px|false|true&#8221; border_radii=&#8221;on|14px|14px|14px|14px&#8221; border_width_all=&#8221;1px&#8221; box_shadow_style=&#8221;preset2&#8243; global_colors_info=&#8221;{}&#8221;][et_pb_text _builder_version=&#8221;4.27.4&#8243; _module_preset=&#8221;default&#8221; header_2_font=&#8221;|600||on|||||&#8221; custom_padding=&#8221;7px|7px||7px|false|true&#8221; global_colors_info=&#8221;{}&#8221;]<\/p>\n<h2>Paracatu e Regi\u00e3o<\/h2>\n<p>[\/et_pb_text][et_pb_blog fullwidth=&#8221;off&#8221; posts_number=&#8221;3&#8243; include_categories=&#8221;4&#8243; meta_date=&#8221;j\/M\/Y&#8221; use_manual_excerpt=&#8221;off&#8221; show_author=&#8221;off&#8221; show_categories=&#8221;off&#8221; show_excerpt=&#8221;off&#8221; _builder_version=&#8221;4.27.4&#8243; _module_preset=&#8221;default&#8221; custom_padding=&#8221;7px|7px||7px|false|true&#8221; global_colors_info=&#8221;{}&#8221;][\/et_pb_blog][\/et_pb_column][et_pb_column type=&#8221;1_3&#8243; _builder_version=&#8221;4.27.4&#8243; _module_preset=&#8221;default&#8221; background_color=&#8221;#FFFFFF&#8221; custom_padding=&#8221;7px|12px||12px|false|true&#8221; border_radii=&#8221;on|14px|14px|14px|14px&#8221; border_width_all=&#8221;1px&#8221; box_shadow_style=&#8221;preset2&#8243; global_colors_info=&#8221;{}&#8221;][et_pb_text _builder_version=&#8221;4.27.4&#8243; _module_preset=&#8221;default&#8221; header_2_font=&#8221;|600||on|||||&#8221; custom_padding=&#8221;7px|7px||7px|false|true&#8221; global_colors_info=&#8221;{}&#8221;]<\/p>\n<h2>Paracatu e Regi\u00e3o<\/h2>\n<p>[\/et_pb_text][et_pb_blog fullwidth=&#8221;off&#8221; posts_number=&#8221;3&#8243; include_categories=&#8221;4&#8243; meta_date=&#8221;j\/M\/Y&#8221; use_manual_excerpt=&#8221;off&#8221; show_author=&#8221;off&#8221; show_categories=&#8221;off&#8221; show_excerpt=&#8221;off&#8221; _builder_version=&#8221;4.27.4&#8243; _module_preset=&#8221;default&#8221; custom_padding=&#8221;7px|7px||7px|false|true&#8221; global_colors_info=&#8221;{}&#8221;][\/et_pb_blog][\/et_pb_column][et_pb_column type=&#8221;1_3&#8243; _builder_version=&#8221;4.27.4&#8243; _module_preset=&#8221;default&#8221; background_color=&#8221;#FFFFFF&#8221; custom_padding=&#8221;7px|7px||7px|false|true&#8221; border_radii=&#8221;on|14px|14px|14px|14px&#8221; border_width_all=&#8221;1px&#8221; box_shadow_style=&#8221;preset2&#8243; global_colors_info=&#8221;{}&#8221;][et_pb_text _builder_version=&#8221;4.27.4&#8243; _module_preset=&#8221;default&#8221; header_2_font=&#8221;|600||on|||||&#8221; custom_padding=&#8221;7px|7px||7px|false|true&#8221; global_colors_info=&#8221;{}&#8221;]<\/p>\n<h2>Paracatu e Regi\u00e3o<\/h2>\n<p>[\/et_pb_text][et_pb_blog fullwidth=&#8221;off&#8221; posts_number=&#8221;3&#8243; include_categories=&#8221;4&#8243; meta_date=&#8221;j\/M\/Y&#8221; use_manual_excerpt=&#8221;off&#8221; show_author=&#8221;off&#8221; show_categories=&#8221;off&#8221; show_excerpt=&#8221;off&#8221; _builder_version=&#8221;4.27.4&#8243; _module_preset=&#8221;default&#8221; custom_padding=&#8221;7px|7px||7px|false|true&#8221; global_colors_info=&#8221;{}&#8221;][\/et_pb_blog][\/et_pb_column][\/et_pb_row][\/et_pb_section]<\/p>\n","protected":false},"excerpt":{"rendered":"<p>Brasileiro S\u00e9rie ABrasileiro S\u00e9rie BLIBERTADORESSULAMERICANACOPA DO BRASILParacatu e Regi\u00e3oParacatu e Regi\u00e3oParacatu e Regi\u00e3o<\/p>\n","protected":false},"author":1,"featured_media":0,"parent":0,"menu_order":0,"comment_status":"closed","ping_status":"closed","template":"","meta":{"_et_pb_use_builder":"on","_et_pb_old_content":"","_et_gb_content_width":"","footnotes":""},"class_list":["post-13","page","type-page","status-publish","hentry"],"_links":{"self":[{"href":"https:\/\/kadaesportes.com.br\/index.php\/wp-json\/wp\/v2\/pages\/13","targetHints":{"allow":["GET"]}}],"collection":[{"href":"https:\/\/kadaesportes.com.br\/index.php\/wp-json\/wp\/v2\/pages"}],"about":[{"href":"https:\/\/kadaesportes.com.br\/index.php\/wp-json\/wp\/v2\/types\/page"}],"author":[{"embeddable":true,"href":"https:\/\/kadaesportes.com.br\/index.php\/wp-json\/wp\/v2\/users\/1"}],"replies":[{"embeddable":true,"href":"https:\/\/kadaesportes.com.br\/index.php\/wp-json\/wp\/v2\/comments?post=13"}],"version-history":[{"count":5,"href":"https:\/\/kadaesportes.com.br\/index.php\/wp-json\/wp\/v2\/pages\/13\/revisions"}],"predecessor-version":[{"id":30,"href":"https:\/\/kadaesportes.com.br\/index.php\/wp-json\/wp\/v2\/pages\/13\/revisions\/30"}],"wp:attachment":[{"href":"https:\/\/kadaesportes.com.br\/index.php\/wp-json\/wp\/v2\/media?parent=13"}],"curies":[{"name":"wp","href":"https:\/\/api.w.org\/{rel}","templated":true}]}}